{"id":9,"date":"2024-04-01T19:09:43","date_gmt":"2024-04-01T17:09:43","guid":{"rendered":"https:\/\/bigbob.fr\/?page_id=9"},"modified":"2024-06-01T10:30:45","modified_gmt":"2024-06-01T08:30:45","slug":"acceuil","status":"publish","type":"page","link":"https:\/\/bigbob.fr\/","title":{"rendered":"Acceuil"},"content":{"rendered":"\n<div class=\"wp-block-cover alignfull is-light wp-duotone-unset-1\" style=\"border-style:none;border-width:0px;border-radius:0px;padding-top:200px;padding-bottom:100px;min-height:62px;aspect-ratio:unset;\"><span aria-hidden=\"true\" class=\"wp-block-cover__background has-white-background-color has-background-dim-10 has-background-dim\"><\/span><img loading=\"lazy\" decoding=\"async\" width=\"1920\" height=\"1089\" class=\"wp-block-cover__image-background wp-image-133\" alt=\"\" src=\"https:\/\/bigbob.fr\/wp-content\/uploads\/2024\/04\/clem-onojeghuo-r8lDTtSWGUc-unsplash-1.jpg\" style=\"object-position:7% 52%\" data-object-fit=\"cover\" data-object-position=\"7% 52%\" srcset=\"https:\/\/bigbob.fr\/wp-content\/uploads\/2024\/04\/clem-onojeghuo-r8lDTtSWGUc-unsplash-1.jpg 1920w, https:\/\/bigbob.fr\/wp-content\/uploads\/2024\/04\/clem-onojeghuo-r8lDTtSWGUc-unsplash-1-300x170.jpg 300w, https:\/\/bigbob.fr\/wp-content\/uploads\/2024\/04\/clem-onojeghuo-r8lDTtSWGUc-unsplash-1-1024x581.jpg 1024w, https:\/\/bigbob.fr\/wp-content\/uploads\/2024\/04\/clem-onojeghuo-r8lDTtSWGUc-unsplash-1-768x436.jpg 768w, https:\/\/bigbob.fr\/wp-content\/uploads\/2024\/04\/clem-onojeghuo-r8lDTtSWGUc-unsplash-1-1536x871.jpg 1536w\" sizes=\"(max-width: 1920px) 100vw, 1920px\" \/><div class=\"wp-block-cover__inner-container has-global-padding is-layout-constrained wp-container-core-cover-is-layout-1 wp-block-cover-is-layout-constrained\">\n<h2 class=\"wp-block-heading has-text-align-center\" style=\"font-size:clamp(37.388px, 2.337rem + ((1vw - 3.2px) * 3.592), 69px);\">Bienvenue<\/h2>\n\n\n\n<h2 class=\"wp-block-heading has-text-align-center has-text-color has-link-color has-large-font-size wp-elements-26a4a2990708eb69a388c4cf5d1e1e90\" style=\"color:#000000\">Chez<\/h2>\n\n\n\n<h1 class=\"wp-block-heading alignfull has-text-align-center has-text-color has-ibm-plex-sans-font-family\" style=\"color:#d71a1a;font-size:clamp(68.676px, 4.292rem + ((1vw - 3.2px) * 9.241), 150px);line-height:0.9;text-transform:uppercase\"><strong>Big Bob <\/strong><\/h1>\n<\/div><\/div>\n\n\n\n<div class=\"wp-block-group alignfull has-global-padding is-layout-constrained wp-container-core-group-is-layout-2 wp-block-group-is-layout-constrained\" style=\"padding-right:20px;padding-left:20px\">\n<p>    <\/p>\n\n\n\n<h2 class=\"wp-block-heading has-text-align-center\">    Les Presentations<\/h2>\n\n\n\n<div class=\"wp-block-group alignwide has-global-padding is-layout-constrained wp-container-core-group-is-layout-1 wp-block-group-is-layout-constrained\" style=\"padding-top:80px;padding-bottom:80px\">\n<div class=\"wp-block-columns alignwide is-layout-flex wp-container-core-columns-is-layout-1 wp-block-columns-is-layout-flex\">\n<div class=\"wp-block-column is-vertically-aligned-center is-layout-flow wp-container-core-column-is-layout-1 wp-block-column-is-layout-flow\">\n<p>Notre \u00e9quipe d\u00e9vou\u00e9e est pr\u00eate \u00e0 cr\u00e9er une exp\u00e9rience culinaire inoubliable pour votre prochain \u00e9v\u00e9nement. Nous proposons une vari\u00e9t\u00e9 de plats exotiques et savoureux, un service professionnel et une expertise pour faire de votre \u00e9v\u00e9nement un succ\u00e8s m\u00e9morable.<\/p>\n\n\n\n<div class=\"wp-block-buttons is-content-justification-left is-layout-flex wp-container-core-buttons-is-layout-1 wp-block-buttons-is-layout-flex\" style=\"margin-top:20px\">\n<div class=\"wp-block-button has-custom-font-size has-bayon-font-family\" style=\"font-size:clamp(14px, 0.875rem + ((1vw - 3.2px) * 0.227), 16px);font-style:normal;font-weight:700;letter-spacing:0px;text-transform:uppercase\"><a class=\"wp-block-button__link has-text-color has-background wp-element-button\" href=\"#\" style=\"border-radius:50px;color:#ffffff;background-color:#086b6b;padding-right:25px;padding-left:25px\">contact<\/a><\/div>\n<\/div>\n<\/div>\n<\/div>\n<\/div>\n\n\n\n<p><\/p>\n\n\n\n<hr class=\"wp-block-separator alignwide has-text-color has-alpha-channel-opacity has-background is-style-wide\" style=\"margin-top:50px;margin-bottom:0px;background-color:#d2d6d5;color:#d2d6d5\"\/>\n<\/div>\n\n\n\n<div class=\"wp-block-group alignfull has-global-padding is-layout-constrained wp-container-core-group-is-layout-8 wp-block-group-is-layout-constrained\" style=\"padding-right:20px;padding-left:20px\">\n<div class=\"wp-block-group alignwide has-global-padding is-layout-constrained wp-container-core-group-is-layout-6 wp-block-group-is-layout-constrained\" style=\"padding-top:80px;padding-bottom:80px\">\n<div class=\"wp-block-columns is-layout-flex wp-container-core-columns-is-layout-2 wp-block-columns-is-layout-flex\">\n<div class=\"wp-block-column has-background is-layout-flow wp-container-core-column-is-layout-2 wp-block-column-is-layout-flow\" style=\"background-color:#f5f5f5;padding-bottom:30px\">\n<figure class=\"wp-block-image size-full\"><img loading=\"lazy\" decoding=\"async\" width=\"1696\" height=\"2560\" src=\"https:\/\/bigbob.fr\/wp-content\/uploads\/2024\/04\/john-aledia-_wBJ0cvKhIE-unsplash-scaled.jpg\" alt=\"\" class=\"wp-image-52\" style=\"aspect-ratio:3\/4;object-fit:cover\" srcset=\"https:\/\/bigbob.fr\/wp-content\/uploads\/2024\/04\/john-aledia-_wBJ0cvKhIE-unsplash-scaled.jpg 1696w, https:\/\/bigbob.fr\/wp-content\/uploads\/2024\/04\/john-aledia-_wBJ0cvKhIE-unsplash-199x300.jpg 199w, https:\/\/bigbob.fr\/wp-content\/uploads\/2024\/04\/john-aledia-_wBJ0cvKhIE-unsplash-678x1024.jpg 678w, https:\/\/bigbob.fr\/wp-content\/uploads\/2024\/04\/john-aledia-_wBJ0cvKhIE-unsplash-768x1160.jpg 768w, https:\/\/bigbob.fr\/wp-content\/uploads\/2024\/04\/john-aledia-_wBJ0cvKhIE-unsplash-1017x1536.jpg 1017w, https:\/\/bigbob.fr\/wp-content\/uploads\/2024\/04\/john-aledia-_wBJ0cvKhIE-unsplash-1356x2048.jpg 1356w\" sizes=\"(max-width: 1696px) 100vw, 1696px\" \/><\/figure>\n\n\n\n<h4 class=\"wp-block-heading has-text-color has-link-color has-merriweather-font-family wp-elements-4e76268293fdc8134b36e23c3194a9cb\" style=\"color:#000000;padding-top:25px;padding-left:35px;font-size:clamp(16.293px, 1.018rem + ((1vw - 3.2px) * 0.989), 25px);font-style:normal;font-weight:400\">Pad Thai<\/h4>\n\n\n\n<h4 class=\"wp-block-heading has-text-color has-link-color has-merriweather-font-family wp-elements-ef8f9be20e901009c513651413bf69d8\" style=\"color:#000000;padding-left:35px;font-size:clamp(21.536px, 1.346rem + ((1vw - 3.2px) * 1.53), 35px);font-style:normal;font-weight:400\">  10\u20ac<\/h4>\n\n\n\n<ul style=\"color:#000000;padding-right:20px;font-size:clamp(14px, 0.875rem + ((1vw - 3.2px) * 0.341), 17px);\" class=\"has-text-color has-link-color has-fraunces-font-family wp-elements-8602ae34afe3930d73dd9f01caa916da\">\n<li>Nouilles de riz<\/li>\n\n\n\n<li>Poulets<\/li>\n\n\n\n<li>Oignons <\/li>\n\n\n\n<li>Champignons<\/li>\n\n\n\n<li>Coriandre<\/li>\n\n\n\n<li>Cacahu\u00e8tes<\/li>\n\n\n\n<li>Citron vert<\/li>\n<\/ul>\n\n\n\n<div class=\"wp-block-group is-nowrap is-layout-flex wp-container-core-group-is-layout-3 wp-block-group-is-layout-flex\" style=\"padding-top:70px;padding-bottom:0;padding-left:76px\">\n<div class=\"wp-block-buttons is-layout-flex wp-block-buttons-is-layout-flex\">\n<div class=\"wp-block-button has-custom-font-size has-fraunces-font-family\" style=\"font-size:clamp(14px, 0.875rem + ((1vw - 3.2px) * 0.455), 18px);font-style:normal;font-weight:400;text-transform:capitalize\"><a class=\"wp-block-button__link has-text-color has-background has-link-color wp-element-button\" href=\"#\" style=\"border-radius:0px;color:#ffffff;background-color:#151515\">Mettre au menu<\/a><\/div>\n<\/div>\n<\/div>\n<\/div>\n\n\n\n<div class=\"wp-block-column has-background is-layout-flow wp-container-core-column-is-layout-3 wp-block-column-is-layout-flow\" style=\"background-color:#f5f5f5;padding-bottom:30px\">\n<figure class=\"wp-block-image size-full\"><img loading=\"lazy\" decoding=\"async\" width=\"640\" height=\"800\" src=\"https:\/\/bigbob.fr\/wp-content\/uploads\/2024\/04\/glib-albovsky-Yo74uWt52bo-unsplash.jpg\" alt=\"\" class=\"wp-image-53\" style=\"aspect-ratio:3\/4;object-fit:cover\" srcset=\"https:\/\/bigbob.fr\/wp-content\/uploads\/2024\/04\/glib-albovsky-Yo74uWt52bo-unsplash.jpg 640w, https:\/\/bigbob.fr\/wp-content\/uploads\/2024\/04\/glib-albovsky-Yo74uWt52bo-unsplash-240x300.jpg 240w\" sizes=\"(max-width: 640px) 100vw, 640px\" \/><\/figure>\n\n\n\n<h4 class=\"wp-block-heading has-text-color has-link-color has-merriweather-font-family wp-elements-46519fbcbf472b58d76631bab97b170a\" style=\"color:#000000;padding-top:25px;padding-left:35px;font-size:clamp(16.293px, 1.018rem + ((1vw - 3.2px) * 0.989), 25px);font-style:normal;font-weight:400\">Chili Bomba<\/h4>\n\n\n\n<h4 class=\"wp-block-heading has-text-color has-link-color has-merriweather-font-family wp-elements-4b659b418281c40689d5643c1773d676\" style=\"color:#000000;padding-left:35px;font-size:clamp(21.536px, 1.346rem + ((1vw - 3.2px) * 1.53), 35px);font-style:normal;font-weight:400\">    10\u20ac<\/h4>\n\n\n\n<ul style=\"color:#000000;padding-right:20px;font-size:clamp(14px, 0.875rem + ((1vw - 3.2px) * 0.341), 17px);\" class=\"has-text-color has-link-color has-fraunces-font-family wp-elements-dba980900f19f93fe98c3a957330928c\">\n<li> Haricots rouges<\/li>\n\n\n\n<li>L\u00e9gumes de saisons (poivrons, courgettes, oignons&#8230;etc)<\/li>\n\n\n\n<li>B\u0153uf ou prot\u00e9ines de soja  <\/li>\n\n\n\n<li>Tomates<\/li>\n\n\n\n<li>Epice <\/li>\n\n\n\n<li>Piment <\/li>\n<\/ul>\n\n\n\n<div class=\"wp-block-group is-horizontal is-nowrap is-layout-flex wp-container-core-group-is-layout-4 wp-block-group-is-layout-flex\" style=\"min-height:170px;padding-top:20px;padding-right:0;padding-bottom:0;padding-left:73px\">\n<div class=\"wp-block-buttons is-layout-flex wp-block-buttons-is-layout-flex\">\n<div class=\"wp-block-button has-custom-font-size has-fraunces-font-family\" style=\"font-size:clamp(14px, 0.875rem + ((1vw - 3.2px) * 0.455), 18px);font-style:normal;font-weight:400;text-transform:capitalize\"><a class=\"wp-block-button__link has-text-color has-background has-link-color wp-element-button\" href=\"#\" style=\"border-radius:0px;color:#ffffff;background-color:#151515\">Mettre au menu<\/a><\/div>\n<\/div>\n<\/div>\n<\/div>\n\n\n\n<div class=\"wp-block-column has-background is-layout-flow wp-container-core-column-is-layout-4 wp-block-column-is-layout-flow\" style=\"background-color:#f5f5f5;padding-bottom:30px\">\n<figure class=\"wp-block-image size-full\"><img loading=\"lazy\" decoding=\"async\" width=\"640\" height=\"800\" src=\"https:\/\/bigbob.fr\/wp-content\/uploads\/2024\/04\/clark-douglas-A2lRGAcZNIw-unsplash-1.jpg\" alt=\"\" class=\"wp-image-54\" style=\"aspect-ratio:3\/4;object-fit:cover\" srcset=\"https:\/\/bigbob.fr\/wp-content\/uploads\/2024\/04\/clark-douglas-A2lRGAcZNIw-unsplash-1.jpg 640w, https:\/\/bigbob.fr\/wp-content\/uploads\/2024\/04\/clark-douglas-A2lRGAcZNIw-unsplash-1-240x300.jpg 240w\" sizes=\"(max-width: 640px) 100vw, 640px\" \/><\/figure>\n\n\n\n<h4 class=\"wp-block-heading has-text-color has-link-color has-merriweather-font-family wp-elements-1224f8132d2b19d4664366f5ab1484b5\" style=\"color:#000000;padding-top:25px;padding-left:35px;font-size:clamp(16.293px, 1.018rem + ((1vw - 3.2px) * 0.989), 25px);font-style:normal;font-weight:400\">  Arancini<\/h4>\n\n\n\n<h4 class=\"wp-block-heading has-text-color has-link-color has-merriweather-font-family wp-elements-084817daf5aa5f521ff1137e5fc7b6bb\" style=\"color:#000000;padding-left:35px;font-size:clamp(21.536px, 1.346rem + ((1vw - 3.2px) * 1.53), 35px);font-style:normal;font-weight:400\"> 3,50\u20ac<\/h4>\n\n\n\n<ul style=\"color:#000000;padding-right:20px;font-size:clamp(14px, 0.875rem + ((1vw - 3.2px) * 0.341), 17px);\" class=\"has-text-color has-link-color has-fraunces-font-family wp-elements-3305fa398e92c46220e924c4eb9090f9\">\n<li>Riz cuit fa\u00e7on risotto<\/li>\n\n\n\n<li>mozzarella<\/li>\n\n\n\n<li>pesto<\/li>\n\n\n\n<li>parmesan   <\/li>\n<\/ul>\n\n\n\n<div class=\"wp-block-group is-nowrap is-layout-flex wp-container-core-group-is-layout-5 wp-block-group-is-layout-flex\" style=\"padding-top:149px;padding-bottom:0;padding-left:73px\">\n<div class=\"wp-block-buttons is-layout-flex wp-block-buttons-is-layout-flex\">\n<div class=\"wp-block-button has-custom-font-size has-fraunces-font-family\" style=\"font-size:clamp(14px, 0.875rem + ((1vw - 3.2px) * 0.455), 18px);font-style:normal;font-weight:400;text-transform:capitalize\"><a class=\"wp-block-button__link has-text-color has-background has-link-color wp-element-button\" href=\"#\" style=\"border-radius:0px;color:#ffffff;background-color:#151515\">mettre au menu<\/a><\/div>\n<\/div>\n<\/div>\n<\/div>\n<\/div>\n<\/div>\n\n\n\n<div class=\"wp-block-group alignwide has-global-padding is-content-justification-center is-layout-constrained wp-container-core-group-is-layout-7 wp-block-group-is-layout-constrained\" style=\"margin-top:0;margin-bottom:0;padding-top:16px;padding-right:0;padding-bottom:22px\">\n<figure class=\"wp-block-image size-full\"><img decoding=\"async\" src=\"https:\/\/tyler.com\/wp-content\/uploads\/2023\/11\/tasty-left-quote.png\" alt=\"\" class=\"wp-image-2133\"\/><\/figure>\n\n\n\n<p class=\"has-text-color has-poppins-font-family\" style=\"color:#000000;font-size:clamp(14.642px, 0.915rem + ((1vw - 3.2px) * 0.836), 22px);font-style:normal;font-weight:400\"><\/p>\n<\/div>\n\n\n\n<hr class=\"wp-block-separator alignwide has-text-color has-alpha-channel-opacity has-background is-style-wide\" style=\"margin-bottom:0px;background-color:#d2d6d5;color:#d2d6d5\"\/>\n<\/div>\n\n\n<nav style=\"background-color: #ff4b4b;\" class=\"has-background is-responsive wp-block-navigation is-layout-flex wp-block-navigation-is-layout-flex\" aria-label=\"Navigation\" \n\t\t data-wp-interactive=\"core\/navigation\" data-wp-context='{\"overlayOpenedBy\":{\"click\":false,\"hover\":false,\"focus\":false},\"type\":\"overlay\",\"roleAttribute\":\"\",\"ariaLabel\":\"Menu\"}'><button aria-haspopup=\"dialog\" aria-label=\"Open menu\" class=\"wp-block-navigation__responsive-container-open \" \n\t\t\t\tdata-wp-on--click=\"actions.openMenuOnClick\"\n\t\t\t\tdata-wp-on--keydown=\"actions.handleMenuKeydown\"\n\t\t\t><svg width=\"24\" height=\"24\" xmlns=\"http:\/\/www.w3.org\/2000\/svg\" viewBox=\"0 0 24 24\" aria-hidden=\"true\" focusable=\"false\"><rect x=\"4\" y=\"7.5\" width=\"16\" height=\"1.5\" \/><rect x=\"4\" y=\"15\" width=\"16\" height=\"1.5\" \/><\/svg><\/button>\n\t\t\t\t<div class=\"wp-block-navigation__responsive-container  has-background\" style=\"background-color: #f8ed00\" id=\"modal-2\" \n\t\t\t\tdata-wp-class--has-modal-open=\"state.isMenuOpen\"\n\t\t\t\tdata-wp-class--is-menu-open=\"state.isMenuOpen\"\n\t\t\t\tdata-wp-watch=\"callbacks.initMenu\"\n\t\t\t\tdata-wp-on--keydown=\"actions.handleMenuKeydown\"\n\t\t\t\tdata-wp-on--focusout=\"actions.handleMenuFocusout\"\n\t\t\t\ttabindex=\"-1\"\n\t\t\t>\n\t\t\t\t\t<div class=\"wp-block-navigation__responsive-close\" tabindex=\"-1\">\n\t\t\t\t\t\t<div class=\"wp-block-navigation__responsive-dialog\" \n\t\t\t\tdata-wp-bind--aria-modal=\"state.ariaModal\"\n\t\t\t\tdata-wp-bind--aria-label=\"state.ariaLabel\"\n\t\t\t\tdata-wp-bind--role=\"state.roleAttribute\"\n\t\t\t>\n\t\t\t\t\t\t\t<button aria-label=\"Close menu\" class=\"wp-block-navigation__responsive-container-close\" \n\t\t\t\tdata-wp-on--click=\"actions.closeMenuOnClick\"\n\t\t\t><svg xmlns=\"http:\/\/www.w3.org\/2000\/svg\" viewBox=\"0 0 24 24\" width=\"24\" height=\"24\" aria-hidden=\"true\" focusable=\"false\"><path d=\"M13 11.8l6.1-6.3-1-1-6.1 6.2-6.1-6.2-1 1 6.1 6.3-6.5 6.7 1 1 6.5-6.6 6.5 6.6 1-1z\"><\/path><\/svg><\/button>\n\t\t\t\t\t\t\t<div class=\"wp-block-navigation__responsive-container-content\" \n\t\t\t\tdata-wp-watch=\"callbacks.focusFirstElement\"\n\t\t\t id=\"modal-2-content\">\n\t\t\t\t\t\t\t\t<ul style=\"background-color: #ff4b4b;\" class=\"wp-block-navigation__container has-background is-responsive wp-block-navigation\"><li class=\" wp-block-navigation-item wp-block-navigation-link\"><a class=\"wp-block-navigation-item__content\"  href=\"https:\/\/bigbob.fr\/index.php\/acceuil\/\"><span class=\"wp-block-navigation-item__label\"><strong>Accueil<\/strong><\/span><\/a><\/li><li class=\" wp-block-navigation-item wp-block-navigation-link\"><a class=\"wp-block-navigation-item__content\"  href=\"https:\/\/bigbob.fr\/index.php\/le-menu\/\"><span class=\"wp-block-navigation-item__label\"><strong>Le menu<\/strong><\/span><\/a><\/li><li class=\" wp-block-navigation-item wp-block-navigation-link\"><a class=\"wp-block-navigation-item__content\"  href=\"https:\/\/bigbob.fr\/index.php\/services\/\"><span class=\"wp-block-navigation-item__label\"><strong>Services<\/strong><\/span><\/a><\/li><li class=\" wp-block-navigation-item wp-block-navigation-link\"><a class=\"wp-block-navigation-item__content\"  href=\"https:\/\/bigbob.fr\/index.php\/durabilite\/\"><span class=\"wp-block-navigation-item__label\"><strong>Durabilit\u00e9<\/strong><\/span><\/a><\/li><\/ul>\n<div class=\"wp-block-buttons is-layout-flex wp-block-buttons-is-layout-flex\">\n<div class=\"wp-block-button has-custom-width wp-block-button__width-100 has-custom-font-size is-style-fill has-medium-font-size\" style=\"font-style:normal;font-weight:700\"><a class=\"wp-block-button__link has-text-color has-background has-link-color wp-element-button\" href=\"https:\/\/bigbob.fr\/index.php\/contact\/\" style=\"border-style:none;border-width:0px;border-radius:9px;color:#000000;background:linear-gradient(135deg,rgb(252,185,0) 48%,rgb(255,105,0) 73%,rgb(255,0,0) 100%)\">Contact<\/a><\/div>\n<\/div>\n\n\t\t\t\t\t\t\t<\/div>\n\t\t\t\t\t\t<\/div>\n\t\t\t\t\t<\/div>\n\t\t\t\t<\/div><\/nav>","protected":false},"excerpt":{"rendered":"<p>Les Presentations Notre \u00e9quipe d\u00e9vou\u00e9e est pr\u00eate \u00e0 cr\u00e9er une exp\u00e9rience culinaire inoubliable pour votre prochain \u00e9v\u00e9nement. Nous proposons une vari\u00e9t\u00e9 de plats exotiques et savoureux, un service professionnel et une expertise pour faire de votre \u00e9v\u00e9nement un succ\u00e8s m\u00e9morable. Pad Thai 10\u20ac Chili Bomba 10\u20ac Arancini 3,50\u20ac<\/p>\n","protected":false},"author":1,"featured_media":0,"parent":0,"menu_order":0,"comment_status":"closed","ping_status":"closed","template":"","meta":{"footnotes":""},"_links":{"self":[{"href":"https:\/\/bigbob.fr\/index.php\/wp-json\/wp\/v2\/pages\/9"}],"collection":[{"href":"https:\/\/bigbob.fr\/index.php\/wp-json\/wp\/v2\/pages"}],"about":[{"href":"https:\/\/bigbob.fr\/index.php\/wp-json\/wp\/v2\/types\/page"}],"author":[{"embeddable":true,"href":"https:\/\/bigbob.fr\/index.php\/wp-json\/wp\/v2\/users\/1"}],"replies":[{"embeddable":true,"href":"https:\/\/bigbob.fr\/index.php\/wp-json\/wp\/v2\/comments?post=9"}],"version-history":[{"count":48,"href":"https:\/\/bigbob.fr\/index.php\/wp-json\/wp\/v2\/pages\/9\/revisions"}],"predecessor-version":[{"id":195,"href":"https:\/\/bigbob.fr\/index.php\/wp-json\/wp\/v2\/pages\/9\/revisions\/195"}],"wp:attachment":[{"href":"https:\/\/bigbob.fr\/index.php\/wp-json\/wp\/v2\/media?parent=9"}],"curies":[{"name":"wp","href":"https:\/\/api.w.org\/{rel}","templated":true}]}}