{"id":21,"date":"2024-04-01T19:52:41","date_gmt":"2024-04-01T17:52:41","guid":{"rendered":"https:\/\/bigbob.fr\/?page_id=21"},"modified":"2024-05-31T09:17:09","modified_gmt":"2024-05-31T07:17:09","slug":"services","status":"publish","type":"page","link":"https:\/\/bigbob.fr\/index.php\/services\/","title":{"rendered":"Services"},"content":{"rendered":"\n<div class=\"wp-block-cover alignfull is-light\" style=\"padding-top:200px;padding-bottom:100px;min-height:50px;aspect-ratio:unset;\"><span aria-hidden=\"true\" class=\"wp-block-cover__background has-background-dim-40 has-background-dim\"><\/span><img decoding=\"async\" class=\"wp-block-cover__image-background wp-image-2118\" alt=\"\" src=\"https:\/\/tyler.com\/wp-content\/uploads\/2023\/11\/tasty-banner-career.jpg\" style=\"object-position:50% 51%\" data-object-fit=\"cover\" data-object-position=\"50% 51%\"\/><div class=\"wp-block-cover__inner-container has-global-padding is-layout-constrained wp-container-core-cover-is-layout-1 wp-block-cover-is-layout-constrained\">\n<h1 class=\"wp-block-heading has-text-align-center has-text-color has-bayon-font-family\" style=\"color:#ffffff;font-size:clamp(33.419px, 2.089rem + ((1vw - 3.2px) * 3.021), 60px);text-transform:uppercase\">Services<\/h1>\n<\/div><\/div>\n\n\n\n<div class=\"wp-block-group alignfull has-global-padding is-layout-constrained wp-container-core-group-is-layout-1 wp-block-group-is-layout-constrained\" style=\"margin-top:0;margin-bottom:0;padding-top:100px;padding-right:20px;padding-bottom:50px;padding-left:20px\">\n<h2 class=\"wp-block-heading has-text-align-center has-text-color has-bayon-font-family\" style=\"color:#343534;font-size:clamp(26.465px, 1.654rem + ((1vw - 3.2px) * 2.106), 45px);font-style:normal;font-weight:500;letter-spacing:3px;text-transform:uppercase\">Proposez votre plat !<\/h2>\n<\/div>\n\n\n\n<p>BIG BOB aime les d\u00e9fis et les nouveaux projets! <\/p>\n\n\n\n<p>Si le plat que vous voulez proposez a votre \u00e9v\u00e8nement n&#8217;est pas sur la carte,  envoyer moi votre id\u00e9e et nous pourront voir ensemble si cela est possible.<\/p>\n\n\n\n<div class=\"wp-block-group alignfull has-global-padding is-layout-constrained wp-container-core-group-is-layout-2 wp-block-group-is-layout-constrained\" style=\"margin-top:0;margin-bottom:0;padding-top:100px;padding-right:20px;padding-bottom:50px;padding-left:20px\">\n<div class=\"wp-block-buttons is-content-justification-center is-layout-flex wp-container-core-buttons-is-layout-1 wp-block-buttons-is-layout-flex\">\n<div class=\"wp-block-button has-custom-width wp-block-button__width-75 has-custom-font-size has-bayon-font-family\" style=\"font-size:clamp(14px, 0.875rem + ((1vw - 3.2px) * 0.227), 16px);font-style:normal;font-weight:700;letter-spacing:0px;text-transform:uppercase\"><a class=\"wp-block-button__link has-text-color has-background wp-element-button\" href=\"bigbob@bigbob.fr\" style=\"border-radius:50px;color:#000000;background:linear-gradient(135deg,rgb(64,27,27) 0%,rgb(254,45,45) 50%,rgb(217,15,86) 100%);padding-right:25px;padding-left:25px\">Envoyer VOTRE DEMANDE !<\/a><\/div>\n<\/div>\n<\/div>\n","protected":false},"excerpt":{"rendered":"<p>Proposez votre plat ! BIG BOB aime les d\u00e9fis et les nouveaux projets! Si le plat que vous voulez proposez a votre \u00e9v\u00e8nement n&#8217;est pas sur la carte, envoyer moi votre id\u00e9e et nous pourront voir ensemble si cela est possible.<\/p>\n","protected":false},"author":1,"featured_media":0,"parent":0,"menu_order":0,"comment_status":"closed","ping_status":"closed","template":"","meta":{"footnotes":""},"_links":{"self":[{"href":"https:\/\/bigbob.fr\/index.php\/wp-json\/wp\/v2\/pages\/21"}],"collection":[{"href":"https:\/\/bigbob.fr\/index.php\/wp-json\/wp\/v2\/pages"}],"about":[{"href":"https:\/\/bigbob.fr\/index.php\/wp-json\/wp\/v2\/types\/page"}],"author":[{"embeddable":true,"href":"https:\/\/bigbob.fr\/index.php\/wp-json\/wp\/v2\/users\/1"}],"replies":[{"embeddable":true,"href":"https:\/\/bigbob.fr\/index.php\/wp-json\/wp\/v2\/comments?post=21"}],"version-history":[{"count":8,"href":"https:\/\/bigbob.fr\/index.php\/wp-json\/wp\/v2\/pages\/21\/revisions"}],"predecessor-version":[{"id":146,"href":"https:\/\/bigbob.fr\/index.php\/wp-json\/wp\/v2\/pages\/21\/revisions\/146"}],"wp:attachment":[{"href":"https:\/\/bigbob.fr\/index.php\/wp-json\/wp\/v2\/media?parent=21"}],"curies":[{"name":"wp","href":"https:\/\/api.w.org\/{rel}","templated":true}]}}