{"id":12,"date":"2024-04-01T19:15:37","date_gmt":"2024-04-01T17:15:37","guid":{"rendered":"https:\/\/bigbob.fr\/?page_id=12"},"modified":"2024-05-31T15:12:01","modified_gmt":"2024-05-31T13:12:01","slug":"le-menu","status":"publish","type":"page","link":"https:\/\/bigbob.fr\/index.php\/le-menu\/","title":{"rendered":"le menu"},"content":{"rendered":"\n<div class=\"wp-block-cover alignfull\" style=\"padding-top:60px;padding-right:22;padding-bottom:100px;min-height:50px;aspect-ratio:unset;\"><span aria-hidden=\"true\" class=\"wp-block-cover__background has-black-background-color has-background-dim-30 has-background-dim\"><\/span><img loading=\"lazy\" decoding=\"async\" width=\"1920\" height=\"1089\" class=\"wp-block-cover__image-background wp-image-133\" alt=\"\" src=\"https:\/\/bigbob.fr\/wp-content\/uploads\/2024\/04\/clem-onojeghuo-r8lDTtSWGUc-unsplash-1.jpg\" data-object-fit=\"cover\" srcset=\"https:\/\/bigbob.fr\/wp-content\/uploads\/2024\/04\/clem-onojeghuo-r8lDTtSWGUc-unsplash-1.jpg 1920w, https:\/\/bigbob.fr\/wp-content\/uploads\/2024\/04\/clem-onojeghuo-r8lDTtSWGUc-unsplash-1-300x170.jpg 300w, https:\/\/bigbob.fr\/wp-content\/uploads\/2024\/04\/clem-onojeghuo-r8lDTtSWGUc-unsplash-1-1024x581.jpg 1024w, https:\/\/bigbob.fr\/wp-content\/uploads\/2024\/04\/clem-onojeghuo-r8lDTtSWGUc-unsplash-1-768x436.jpg 768w, https:\/\/bigbob.fr\/wp-content\/uploads\/2024\/04\/clem-onojeghuo-r8lDTtSWGUc-unsplash-1-1536x871.jpg 1536w\" sizes=\"(max-width: 1920px) 100vw, 1920px\" \/><div class=\"wp-block-cover__inner-container has-global-padding is-layout-constrained wp-container-core-cover-is-layout-1 wp-block-cover-is-layout-constrained\">\n<h1 class=\"wp-block-heading has-text-align-center has-text-color has-bayon-font-family\" style=\"color:#ffffff;font-size:clamp(35.2px, 2.2rem + ((1vw - 3.2px) * 3.273), 64px);text-transform:capitalize\">le Menu<\/h1>\n<\/div><\/div>\n\n\n\n<div class=\"wp-block-group alignwide has-global-padding is-layout-constrained wp-container-core-group-is-layout-1 wp-block-group-is-layout-constrained\" style=\"margin-top:0;margin-bottom:0;padding-top:80px;padding-bottom:80px\">\n<div class=\"wp-block-columns alignwide is-layout-flex wp-container-core-columns-is-layout-1 wp-block-columns-is-layout-flex\">\n<div class=\"wp-block-column is-layout-flow wp-block-column-is-layout-flow\">\n<figure class=\"wp-block-image size-large has-custom-border\"><img loading=\"lazy\" decoding=\"async\" width=\"678\" height=\"1024\" src=\"https:\/\/bigbob.fr\/wp-content\/uploads\/2024\/04\/john-aledia-_wBJ0cvKhIE-unsplash-678x1024.jpg\" alt=\"\" class=\"wp-image-52\" style=\"border-style:none;border-width:0px;border-radius:15px;aspect-ratio:1;object-fit:cover\" srcset=\"https:\/\/bigbob.fr\/wp-content\/uploads\/2024\/04\/john-aledia-_wBJ0cvKhIE-unsplash-678x1024.jpg 678w, https:\/\/bigbob.fr\/wp-content\/uploads\/2024\/04\/john-aledia-_wBJ0cvKhIE-unsplash-199x300.jpg 199w, https:\/\/bigbob.fr\/wp-content\/uploads\/2024\/04\/john-aledia-_wBJ0cvKhIE-unsplash-768x1160.jpg 768w, https:\/\/bigbob.fr\/wp-content\/uploads\/2024\/04\/john-aledia-_wBJ0cvKhIE-unsplash-1017x1536.jpg 1017w, https:\/\/bigbob.fr\/wp-content\/uploads\/2024\/04\/john-aledia-_wBJ0cvKhIE-unsplash-1356x2048.jpg 1356w, https:\/\/bigbob.fr\/wp-content\/uploads\/2024\/04\/john-aledia-_wBJ0cvKhIE-unsplash-scaled.jpg 1696w\" sizes=\"(max-width: 678px) 100vw, 678px\" \/><\/figure>\n<\/div>\n\n\n\n<div class=\"wp-block-column is-vertically-aligned-center is-layout-flow wp-block-column-is-layout-flow\" style=\"padding-left:15px\">\n<h2 class=\"wp-block-heading has-text-color has-link-color has-cormorant-font-family wp-elements-cba63a7eb10947e71b41289056efec4b\" style=\"color:#141e31;font-size:clamp(16.293px, 1.018rem + ((1vw - 3.2px) * 0.989), 25px);font-style:normal;font-weight:500;line-height:0.7\">Le Pad Tha\u00ef<\/h2>\n\n\n\n<p class=\"has-text-color has-link-color has-mulish-font-family wp-elements-723ca81dae17cd4dd24deebe5175f4ff\" style=\"color:#3f3f3f;font-size:clamp(14px, 0.875rem + ((1vw - 3.2px) * 0.455), 18px);font-style:normal;font-weight:400\">nouilles de riz saut\u00e9es dans une sauce sp\u00e9ciale, garnies de crevettes, poulet, tofu, coriandre et cacahu\u00e8tes<\/p>\n\n\n\n<p><\/p>\n<\/div>\n<\/div>\n\n\n\n<div class=\"wp-block-columns alignwide is-layout-flex wp-container-core-columns-is-layout-2 wp-block-columns-is-layout-flex\" style=\"padding-top:80px;padding-bottom:80px\">\n<div class=\"wp-block-column is-vertically-aligned-center is-layout-flow wp-block-column-is-layout-flow\" style=\"padding-left:15px\">\n<h2 class=\"wp-block-heading has-text-color has-link-color has-cormorant-font-family wp-elements-611a79e97d41fce42a77c68836024d50\" style=\"color:#141e31;font-size:clamp(16.293px, 1.018rem + ((1vw - 3.2px) * 0.989), 25px);font-style:normal;font-weight:500;line-height:0.7\">Chili Bomba<\/h2>\n\n\n\n<p>Plat d\u00e9riv\u00e9 du chili con carne avec les l\u00e9gumes de saisons <\/p>\n<\/div>\n\n\n\n<div class=\"wp-block-column is-layout-flow wp-block-column-is-layout-flow\">\n<figure class=\"wp-block-image size-large has-custom-border\"><img decoding=\"async\" src=\"https:\/\/images.unsplash.com\/photo-1591266798549-32fa7cd32f45?ixid=M3w1NjExMzd8MHwxfHNlYXJjaHwxfHxjaGlsbGklMjBjb24lMjBjYXJuZXxlbnwwfHx8fDE3MTM1MzczMzV8MA&amp;ixlib=rb-4.0.3&amp;fm=webp&amp;w=1024&amp;h=682&amp;fit=crop\" alt=\"\" class=\"wp-image-2578\" style=\"border-radius:15px;aspect-ratio:1;object-fit:cover\"\/><\/figure>\n<\/div>\n<\/div>\n\n\n\n<div class=\"wp-block-columns alignwide is-layout-flex wp-container-core-columns-is-layout-3 wp-block-columns-is-layout-flex\">\n<div class=\"wp-block-column is-layout-flow wp-block-column-is-layout-flow\">\n<figure class=\"wp-block-image size-large has-custom-border\"><img decoding=\"async\" src=\"https:\/\/images.unsplash.com\/photo-1601126217456-1744cdad7211?ixid=M3w1NjExMzd8MHwxfHNlYXJjaHwxfHxwYWtvcmF8ZW58MHx8fHwxNzEzNTM3MzYxfDA&amp;ixlib=rb-4.0.3&amp;fm=webp&amp;w=1024&amp;h=682&amp;fit=crop\" alt=\"\" class=\"wp-image-2577\" style=\"border-radius:15px;aspect-ratio:1;object-fit:cover\"\/><\/figure>\n<\/div>\n\n\n\n<div class=\"wp-block-column is-vertically-aligned-center is-layout-flow wp-block-column-is-layout-flow\" style=\"padding-left:15px\">\n<h2 class=\"wp-block-heading has-text-color has-link-color has-cormorant-font-family wp-elements-fa4dd3ab3ba3804bad87b6405e97950b\" style=\"color:#141e31;font-size:clamp(16.293px, 1.018rem + ((1vw - 3.2px) * 0.989), 25px);font-style:normal;font-weight:500;line-height:0.7\">Dahl et ses<\/h2>\n\n\n\n<h2 class=\"wp-block-heading has-text-color has-link-color has-cormorant-font-family wp-elements-d674697552c960a2f5ee1135ef4f3678\" style=\"color:#141e31;font-size:clamp(16.293px, 1.018rem + ((1vw - 3.2px) * 0.989), 25px);font-style:normal;font-weight:500;line-height:0.7\">Beignets Pakora<\/h2>\n\n\n\n<p class=\"has-text-color has-link-color has-mulish-font-family wp-elements-173a47144b0c887e550a409c0d7cd7b7\" style=\"color:#3f3f3f;font-size:clamp(14px, 0.875rem + ((1vw - 3.2px) * 0.455), 18px);font-style:normal;font-weight:400\">Plat indien pr\u00e9par\u00e9 \u00e0 base de lentilles, d&#8217;\u00e9pices et d&#8217;aromates tels que l&#8217;oignon, l&#8217;ail et le gingembre<\/p>\n\n\n\n<p><\/p>\n<\/div>\n<\/div>\n\n\n\n<div class=\"wp-block-columns alignwide is-layout-flex wp-container-core-columns-is-layout-4 wp-block-columns-is-layout-flex\" style=\"padding-top:80px;padding-bottom:80px\">\n<div class=\"wp-block-column is-vertically-aligned-center is-layout-flow wp-block-column-is-layout-flow\" style=\"padding-left:15px\">\n<h2 class=\"wp-block-heading has-text-color has-link-color has-cormorant-font-family wp-elements-370ce5ff20b4e05966ea63451b5e17b5\" style=\"color:#141e31;font-size:clamp(16.293px, 1.018rem + ((1vw - 3.2px) * 0.989), 25px);font-style:normal;font-weight:500;line-height:0.7\">Arancini<\/h2>\n\n\n\n<p class=\"has-text-color has-link-color has-mulish-font-family wp-elements-f859064ebd852f67df877eeee47a9bee\" style=\"color:#3f3f3f;font-size:clamp(14px, 0.875rem + ((1vw - 3.2px) * 0.455), 18px);font-style:normal;font-weight:400\">boules de riz siciliennes farcies, pan\u00e9es et frites.<\/p>\n<\/div>\n\n\n\n<div class=\"wp-block-column is-layout-flow wp-block-column-is-layout-flow\">\n<figure class=\"wp-block-image size-full has-custom-border\"><img loading=\"lazy\" decoding=\"async\" width=\"640\" height=\"800\" src=\"https:\/\/bigbob.fr\/wp-content\/uploads\/2024\/04\/clark-douglas-A2lRGAcZNIw-unsplash-1.jpg\" alt=\"\" class=\"wp-image-54\" style=\"border-radius:15px;aspect-ratio:1;object-fit:cover\" srcset=\"https:\/\/bigbob.fr\/wp-content\/uploads\/2024\/04\/clark-douglas-A2lRGAcZNIw-unsplash-1.jpg 640w, https:\/\/bigbob.fr\/wp-content\/uploads\/2024\/04\/clark-douglas-A2lRGAcZNIw-unsplash-1-240x300.jpg 240w\" sizes=\"(max-width: 640px) 100vw, 640px\" \/><\/figure>\n<\/div>\n<\/div>\n<\/div>\n","protected":false},"excerpt":{"rendered":"<p>Le Pad Tha\u00ef nouilles de riz saut\u00e9es dans une sauce sp\u00e9ciale, garnies de crevettes, poulet, tofu, coriandre et cacahu\u00e8tes Chili Bomba Plat d\u00e9riv\u00e9 du chili con carne avec les l\u00e9gumes de saisons Dahl et ses Beignets Pakora Plat indien pr\u00e9par\u00e9 \u00e0 base de lentilles, d&#8217;\u00e9pices et d&#8217;aromates tels que l&#8217;oignon, l&#8217;ail et le gingembre Arancini [&hellip;]<\/p>\n","protected":false},"author":1,"featured_media":0,"parent":0,"menu_order":0,"comment_status":"closed","ping_status":"closed","template":"","meta":{"footnotes":""},"_links":{"self":[{"href":"https:\/\/bigbob.fr\/index.php\/wp-json\/wp\/v2\/pages\/12"}],"collection":[{"href":"https:\/\/bigbob.fr\/index.php\/wp-json\/wp\/v2\/pages"}],"about":[{"href":"https:\/\/bigbob.fr\/index.php\/wp-json\/wp\/v2\/types\/page"}],"author":[{"embeddable":true,"href":"https:\/\/bigbob.fr\/index.php\/wp-json\/wp\/v2\/users\/1"}],"replies":[{"embeddable":true,"href":"https:\/\/bigbob.fr\/index.php\/wp-json\/wp\/v2\/comments?post=12"}],"version-history":[{"count":10,"href":"https:\/\/bigbob.fr\/index.php\/wp-json\/wp\/v2\/pages\/12\/revisions"}],"predecessor-version":[{"id":194,"href":"https:\/\/bigbob.fr\/index.php\/wp-json\/wp\/v2\/pages\/12\/revisions\/194"}],"wp:attachment":[{"href":"https:\/\/bigbob.fr\/index.php\/wp-json\/wp\/v2\/media?parent=12"}],"curies":[{"name":"wp","href":"https:\/\/api.w.org\/{rel}","templated":true}]}}